{"id":8161,"date":"2020-03-09T11:25:08","date_gmt":"2020-03-09T10:25:08","guid":{"rendered":"https:\/\/moozegym.be\/hasselt\/"},"modified":"2026-02-12T15:51:40","modified_gmt":"2026-02-12T14:51:40","slug":"hasselt","status":"publish","type":"page","link":"https:\/\/moozegym.be\/fr\/hasselt\/","title":{"rendered":"Hasselt"},"content":{"rendered":"","protected":false},"excerpt":{"rendered":"","protected":false},"author":6,"featured_media":0,"parent":0,"menu_order":1,"comment_status":"closed","ping_status":"closed","template":"template\/location.php","meta":{"_acf_changed":false,"footnotes":""},"class_list":["post-8161","page","type-page","status-publish","hentry"],"acf":[],"yoast_head":"<!-- This site is optimized with the Yoast SEO plugin v27.5 - https:\/\/yoast.com\/product\/yoast-seo-wordpress\/ -->\n<title>Hasselt - Mooze Gym<\/title>\n<meta name=\"description\" content=\"Mooze Hasselt d\u00e9tend vos muscles. D\u00e9pensez-vous dans notre zone fonctionnelle avec des sessions de bootcamp quotidiennes. Entra\u00eene-toi de mani\u00e8re cibl\u00e9e avec nos \u00e9quipements de musculation et de cardio.\" \/>\n<meta name=\"robots\" content=\"index, follow, max-snippet:-1, max-image-preview:large, max-video-preview:-1\" \/>\n<link rel=\"canonical\" href=\"https:\/\/moozegym.be\/fr\/hasselt\/\" \/>\n<meta property=\"og:locale\" content=\"fr_FR\" \/>\n<meta property=\"og:type\" content=\"article\" \/>\n<meta property=\"og:title\" content=\"Hasselt - Mooze Gym\" \/>\n<meta property=\"og:description\" content=\"Mooze Hasselt d\u00e9tend vos muscles. D\u00e9pensez-vous dans notre zone fonctionnelle avec des sessions de bootcamp quotidiennes. Entra\u00eene-toi de mani\u00e8re cibl\u00e9e avec nos \u00e9quipements de musculation et de cardio.\" \/>\n<meta property=\"og:url\" content=\"https:\/\/moozegym.be\/fr\/hasselt\/\" \/>\n<meta property=\"og:site_name\" content=\"Mooze Gym\" \/>\n<meta property=\"article:modified_time\" content=\"2026-02-12T14:51:40+00:00\" \/>\n<meta property=\"og:image\" content=\"https:\/\/moozegym.be\/wp-content\/uploads\/2026\/02\/20250722-MaryShootsPeople-Mooze-Hasselt-86-scaled.jpg\" \/>\n\t<meta property=\"og:image:width\" content=\"2560\" \/>\n\t<meta property=\"og:image:height\" content=\"1707\" \/>\n\t<meta property=\"og:image:type\" content=\"image\/jpeg\" \/>\n<meta name=\"twitter:card\" content=\"summary_large_image\" \/>\n<script type=\"application\/ld+json\" class=\"yoast-schema-graph\">{\"@context\":\"https:\\\/\\\/schema.org\",\"@graph\":[{\"@type\":\"WebPage\",\"@id\":\"https:\\\/\\\/moozegym.be\\\/fr\\\/hasselt\\\/\",\"url\":\"https:\\\/\\\/moozegym.be\\\/fr\\\/hasselt\\\/\",\"name\":\"Hasselt - Mooze Gym\",\"isPartOf\":{\"@id\":\"https:\\\/\\\/moozegym.be\\\/fr\\\/#website\"},\"datePublished\":\"2020-03-09T10:25:08+00:00\",\"dateModified\":\"2026-02-12T14:51:40+00:00\",\"description\":\"Mooze Hasselt d\u00e9tend vos muscles. D\u00e9pensez-vous dans notre zone fonctionnelle avec des sessions de bootcamp quotidiennes. Entra\u00eene-toi de mani\u00e8re cibl\u00e9e avec nos \u00e9quipements de musculation et de cardio.\",\"breadcrumb\":{\"@id\":\"https:\\\/\\\/moozegym.be\\\/fr\\\/hasselt\\\/#breadcrumb\"},\"inLanguage\":\"fr-FR\",\"potentialAction\":[{\"@type\":\"ReadAction\",\"target\":[\"https:\\\/\\\/moozegym.be\\\/fr\\\/hasselt\\\/\"]}]},{\"@type\":\"BreadcrumbList\",\"@id\":\"https:\\\/\\\/moozegym.be\\\/fr\\\/hasselt\\\/#breadcrumb\",\"itemListElement\":[{\"@type\":\"ListItem\",\"position\":1,\"name\":\"Home\",\"item\":\"https:\\\/\\\/moozegym.be\\\/fr\\\/home-fr\\\/\"},{\"@type\":\"ListItem\",\"position\":2,\"name\":\"Hasselt\"}]},{\"@type\":\"WebSite\",\"@id\":\"https:\\\/\\\/moozegym.be\\\/fr\\\/#website\",\"url\":\"https:\\\/\\\/moozegym.be\\\/fr\\\/\",\"name\":\"Mooze Gym\",\"description\":\"Lifestyle gym\",\"publisher\":{\"@id\":\"https:\\\/\\\/moozegym.be\\\/fr\\\/#organization\"},\"potentialAction\":[{\"@type\":\"SearchAction\",\"target\":{\"@type\":\"EntryPoint\",\"urlTemplate\":\"https:\\\/\\\/moozegym.be\\\/fr\\\/?s={search_term_string}\"},\"query-input\":{\"@type\":\"PropertyValueSpecification\",\"valueRequired\":true,\"valueName\":\"search_term_string\"}}],\"inLanguage\":\"fr-FR\"},{\"@type\":\"Organization\",\"@id\":\"https:\\\/\\\/moozegym.be\\\/fr\\\/#organization\",\"name\":\"Mooze Lifestyle Gym\",\"url\":\"https:\\\/\\\/moozegym.be\\\/fr\\\/\",\"logo\":{\"@type\":\"ImageObject\",\"inLanguage\":\"fr-FR\",\"@id\":\"https:\\\/\\\/moozegym.be\\\/fr\\\/#\\\/schema\\\/logo\\\/image\\\/\",\"url\":\"https:\\\/\\\/moozegym.be\\\/wp-content\\\/uploads\\\/2026\\\/02\\\/Mooze-logo.svg\",\"contentUrl\":\"https:\\\/\\\/moozegym.be\\\/wp-content\\\/uploads\\\/2026\\\/02\\\/Mooze-logo.svg\",\"width\":487,\"height\":172,\"caption\":\"Mooze Lifestyle Gym\"},\"image\":{\"@id\":\"https:\\\/\\\/moozegym.be\\\/fr\\\/#\\\/schema\\\/logo\\\/image\\\/\"}}]}<\/script>\n<!-- \/ Yoast SEO plugin. -->","yoast_head_json":{"title":"Hasselt - Mooze Gym","description":"Mooze Hasselt d\u00e9tend vos muscles. D\u00e9pensez-vous dans notre zone fonctionnelle avec des sessions de bootcamp quotidiennes. Entra\u00eene-toi de mani\u00e8re cibl\u00e9e avec nos \u00e9quipements de musculation et de cardio.","robots":{"index":"index","follow":"follow","max-snippet":"max-snippet:-1","max-image-preview":"max-image-preview:large","max-video-preview":"max-video-preview:-1"},"canonical":"https:\/\/moozegym.be\/fr\/hasselt\/","og_locale":"fr_FR","og_type":"article","og_title":"Hasselt - Mooze Gym","og_description":"Mooze Hasselt d\u00e9tend vos muscles. D\u00e9pensez-vous dans notre zone fonctionnelle avec des sessions de bootcamp quotidiennes. Entra\u00eene-toi de mani\u00e8re cibl\u00e9e avec nos \u00e9quipements de musculation et de cardio.","og_url":"https:\/\/moozegym.be\/fr\/hasselt\/","og_site_name":"Mooze Gym","article_modified_time":"2026-02-12T14:51:40+00:00","og_image":[{"width":2560,"height":1707,"url":"https:\/\/moozegym.be\/wp-content\/uploads\/2026\/02\/20250722-MaryShootsPeople-Mooze-Hasselt-86-scaled.jpg","type":"image\/jpeg"}],"twitter_card":"summary_large_image","schema":{"@context":"https:\/\/schema.org","@graph":[{"@type":"WebPage","@id":"https:\/\/moozegym.be\/fr\/hasselt\/","url":"https:\/\/moozegym.be\/fr\/hasselt\/","name":"Hasselt - Mooze Gym","isPartOf":{"@id":"https:\/\/moozegym.be\/fr\/#website"},"datePublished":"2020-03-09T10:25:08+00:00","dateModified":"2026-02-12T14:51:40+00:00","description":"Mooze Hasselt d\u00e9tend vos muscles. D\u00e9pensez-vous dans notre zone fonctionnelle avec des sessions de bootcamp quotidiennes. Entra\u00eene-toi de mani\u00e8re cibl\u00e9e avec nos \u00e9quipements de musculation et de cardio.","breadcrumb":{"@id":"https:\/\/moozegym.be\/fr\/hasselt\/#breadcrumb"},"inLanguage":"fr-FR","potentialAction":[{"@type":"ReadAction","target":["https:\/\/moozegym.be\/fr\/hasselt\/"]}]},{"@type":"BreadcrumbList","@id":"https:\/\/moozegym.be\/fr\/hasselt\/#breadcrumb","itemListElement":[{"@type":"ListItem","position":1,"name":"Home","item":"https:\/\/moozegym.be\/fr\/home-fr\/"},{"@type":"ListItem","position":2,"name":"Hasselt"}]},{"@type":"WebSite","@id":"https:\/\/moozegym.be\/fr\/#website","url":"https:\/\/moozegym.be\/fr\/","name":"Mooze Gym","description":"Lifestyle gym","publisher":{"@id":"https:\/\/moozegym.be\/fr\/#organization"},"potentialAction":[{"@type":"SearchAction","target":{"@type":"EntryPoint","urlTemplate":"https:\/\/moozegym.be\/fr\/?s={search_term_string}"},"query-input":{"@type":"PropertyValueSpecification","valueRequired":true,"valueName":"search_term_string"}}],"inLanguage":"fr-FR"},{"@type":"Organization","@id":"https:\/\/moozegym.be\/fr\/#organization","name":"Mooze Lifestyle Gym","url":"https:\/\/moozegym.be\/fr\/","logo":{"@type":"ImageObject","inLanguage":"fr-FR","@id":"https:\/\/moozegym.be\/fr\/#\/schema\/logo\/image\/","url":"https:\/\/moozegym.be\/wp-content\/uploads\/2026\/02\/Mooze-logo.svg","contentUrl":"https:\/\/moozegym.be\/wp-content\/uploads\/2026\/02\/Mooze-logo.svg","width":487,"height":172,"caption":"Mooze Lifestyle Gym"},"image":{"@id":"https:\/\/moozegym.be\/fr\/#\/schema\/logo\/image\/"}}]}},"_links":{"self":[{"href":"https:\/\/moozegym.be\/fr\/wp-json\/wp\/v2\/pages\/8161","targetHints":{"allow":["GET"]}}],"collection":[{"href":"https:\/\/moozegym.be\/fr\/wp-json\/wp\/v2\/pages"}],"about":[{"href":"https:\/\/moozegym.be\/fr\/wp-json\/wp\/v2\/types\/page"}],"author":[{"embeddable":true,"href":"https:\/\/moozegym.be\/fr\/wp-json\/wp\/v2\/users\/6"}],"replies":[{"embeddable":true,"href":"https:\/\/moozegym.be\/fr\/wp-json\/wp\/v2\/comments?post=8161"}],"version-history":[{"count":1,"href":"https:\/\/moozegym.be\/fr\/wp-json\/wp\/v2\/pages\/8161\/revisions"}],"predecessor-version":[{"id":8589,"href":"https:\/\/moozegym.be\/fr\/wp-json\/wp\/v2\/pages\/8161\/revisions\/8589"}],"wp:attachment":[{"href":"https:\/\/moozegym.be\/fr\/wp-json\/wp\/v2\/media?parent=8161"}],"curies":[{"name":"wp","href":"https:\/\/api.w.org\/{rel}","templated":true}]}}